{"id":552,"date":"2024-06-11T11:00:29","date_gmt":"2024-06-11T09:00:29","guid":{"rendered":"https:\/\/patrimoinesinvisibles.com\/?page_id=552"},"modified":"2025-06-16T17:52:00","modified_gmt":"2025-06-16T15:52:00","slug":"le-projet","status":"publish","type":"page","link":"https:\/\/patrimoinesinvisibles.com\/index.php\/le-projet\/","title":{"rendered":"Le projet"},"content":{"rendered":"\t\t<div data-elementor-type=\"wp-page\" data-elementor-id=\"552\" class=\"elementor elementor-552\" data-elementor-post-type=\"page\">\n\t\t\t\t<div class=\"elementor-element elementor-element-e70e42c e-flex e-con-boxed e-con e-parent\" data-id=\"e70e42c\" data-element_type=\"container\" data-e-type=\"container\">\n\t\t\t\t\t<div class=\"e-con-inner\">\n\t\t\t\t<div class=\"elementor-element elementor-element-844eed3 elementor-widget elementor-widget-spacer\" data-id=\"844eed3\" data-element_type=\"widget\" data-e-type=\"widget\" data-widget_type=\"spacer.default\">\n\t\t\t\t<div class=\"elementor-widget-container\">\n\t\t\t\t\t\t\t<div class=\"elementor-spacer\">\n\t\t\t<div class=\"elementor-spacer-inner\"><\/div>\n\t\t<\/div>\n\t\t\t\t\t\t<\/div>\n\t\t\t\t<\/div>\n\t\t\t\t<div class=\"elementor-element elementor-element-f008e36 elementor-widget elementor-widget-posts\" data-id=\"f008e36\" data-element_type=\"widget\" data-e-type=\"widget\" data-settings=\"{&quot;full_content_row_gap&quot;:{&quot;unit&quot;:&quot;px&quot;,&quot;size&quot;:0,&quot;sizes&quot;:[]}}\" data-widget_type=\"posts.full_content\">\n\t\t\t\t<div class=\"elementor-widget-container\">\n\t\t\t\t\t\t\t<div class=\"elementor-posts-container elementor-posts elementor-posts--skin-full_content elementor-grid\" role=\"list\">\n\t\t\t\t<article class=\"elementor-post elementor-grid-item post-1352 post type-post status-publish format-standard hentry category-le-projet\" role=\"listitem\">\n\t\t\t\t<div class=\"elementor-post__text\">\n\t\t\n<p><em><strong>Entre savants et populaires : les patrimoines invisibles des Hauts de France \u2013 Cr\u00e9ations, r\u00e9appropriations, synergies.<\/strong><\/em><\/p>\n\n\n\n<p>Laur\u00e9at du dispositif STIMULE de la r\u00e9gion Hauts-de-France, notre projet est\u00a0port\u00e9 par le laboratoire Textes et Cultures, UR4023, en partenariat avec le CREHS de l\u2019universit\u00e9 d\u2019Artois et le CURAPP-ESS de l\u2019universit\u00e9 de Picardie Jules Verne. Il \u00e9tudie le patrimoine invisible des Hauts-de-France \u00e0 partir d\u2019\u00e9tudes de cas. Il s\u2019int\u00e9resse tout particuli\u00e8rement \u00e0 des lieux marqu\u00e9s par la d\u00e9sindustrialisation, dont la patrimonialisation n\u2019est pas encore ou incompl\u00e8tement advenue ainsi qu\u2019au patrimoine culturel immat\u00e9riel, qui compte encore peu d\u2019\u00e9l\u00e9ments dans une r\u00e9gion pourtant riche de savoir-faire, de gestes et de pratiques charg\u00e9s de m\u00e9moire, mais qui semblent vou\u00e9s \u00e0 l\u2019oubli, en dehors de cercles associatifs ou de groupes informels. Deux s\u00e9ries d\u2019\u00e9l\u00e9ments sont \u00e0 cet \u00e9gard, objets d\u2019une enqu\u00eate ethnographique articulant d\u00e9pouillement d\u2019archives et observations de terrain\u00a0: les chansons locales, dont l\u2019abondant r\u00e9pertoire est tr\u00e8s mal connu ainsi que les f\u00eates, g\u00e9ants et Carnaval, dont certains font l\u2019objet d\u2019une revitalisation r\u00e9cente, tandis que d\u2019autres se perp\u00e9tuent dans un entre-soi local et restent ignor\u00e9es du grand public. Outre l\u2019\u00e9tablissement de bases de donn\u00e9es, ce travail s\u2019attache \u00e0 comprendre les raisons de l\u2019invisibilit\u00e9 de certains patrimoines et plus encore la mani\u00e8re dont ils pourraient contribuer \u00e0 la mise en valeur des territoires de la r\u00e9gion. La cr\u00e9ation d\u2019un site web est un outil de recherche pour la valorisation des patrimoines invisibles ou invisibilis\u00e9s de la r\u00e9gion Hauts-de-France. Il s\u2019adressera tout autant aux chercheurs, aux responsables locaux qu\u2019aux passionn\u00e9s, amateurs de patrimoines vivants (th\u00e9\u00e2tre, musique, danse, processions carnavalesques, marionnettes, etc.) et large public.\u00a0<\/p>\n\t\t<\/div>\n\t\t\t\t<\/article>\n\t\t\t\t<\/div>\n\t\t\n\t\t\t\t\t\t<\/div>\n\t\t\t\t<\/div>\n\t\t\t\t\t<\/div>\n\t\t\t\t<\/div>\n\t\t\t\t<\/div>\n\t\t","protected":false},"excerpt":{"rendered":"","protected":false},"author":1,"featured_media":0,"parent":0,"menu_order":0,"comment_status":"closed","ping_status":"closed","template":"","meta":{"_acf_changed":false,"footnotes":""},"class_list":["post-552","page","type-page","status-publish","hentry"],"acf":[],"_links":{"self":[{"href":"https:\/\/patrimoinesinvisibles.com\/index.php\/wp-json\/wp\/v2\/pages\/552","targetHints":{"allow":["GET"]}}],"collection":[{"href":"https:\/\/patrimoinesinvisibles.com\/index.php\/wp-json\/wp\/v2\/pages"}],"about":[{"href":"https:\/\/patrimoinesinvisibles.com\/index.php\/wp-json\/wp\/v2\/types\/page"}],"author":[{"embeddable":true,"href":"https:\/\/patrimoinesinvisibles.com\/index.php\/wp-json\/wp\/v2\/users\/1"}],"replies":[{"embeddable":true,"href":"https:\/\/patrimoinesinvisibles.com\/index.php\/wp-json\/wp\/v2\/comments?post=552"}],"version-history":[{"count":19,"href":"https:\/\/patrimoinesinvisibles.com\/index.php\/wp-json\/wp\/v2\/pages\/552\/revisions"}],"predecessor-version":[{"id":1782,"href":"https:\/\/patrimoinesinvisibles.com\/index.php\/wp-json\/wp\/v2\/pages\/552\/revisions\/1782"}],"wp:attachment":[{"href":"https:\/\/patrimoinesinvisibles.com\/index.php\/wp-json\/wp\/v2\/media?parent=552"}],"curies":[{"name":"wp","href":"https:\/\/api.w.org\/{rel}","templated":true}]}}