{"id":386,"date":"2024-06-06T11:29:29","date_gmt":"2024-06-06T09:29:29","guid":{"rendered":"https:\/\/patrimoinesinvisibles.com\/?page_id=386"},"modified":"2025-06-02T13:04:10","modified_gmt":"2025-06-02T11:04:10","slug":"publications","status":"publish","type":"page","link":"https:\/\/patrimoinesinvisibles.com\/index.php\/publications\/","title":{"rendered":"Publications"},"content":{"rendered":"\t\t<div data-elementor-type=\"wp-page\" data-elementor-id=\"386\" class=\"elementor elementor-386\" data-elementor-post-type=\"page\">\n\t\t\t\t<div class=\"elementor-element elementor-element-cf737bb e-flex e-con-boxed e-con e-parent\" data-id=\"cf737bb\" data-element_type=\"container\" data-e-type=\"container\">\n\t\t\t\t\t<div class=\"e-con-inner\">\n\t\t\t\t<div class=\"elementor-element elementor-element-63c1a22 elementor-grid-1 elementor-grid-tablet-2 elementor-grid-mobile-1 elementor-widget elementor-widget-loop-grid\" data-id=\"63c1a22\" data-element_type=\"widget\" data-e-type=\"widget\" data-settings=\"{&quot;template_id&quot;:388,&quot;columns&quot;:1,&quot;_skin&quot;:&quot;post&quot;,&quot;columns_tablet&quot;:&quot;2&quot;,&quot;columns_mobile&quot;:&quot;1&quot;,&quot;edit_handle_selector&quot;:&quot;[data-elementor-type=\\&quot;loop-item\\&quot;]&quot;,&quot;row_gap&quot;:{&quot;unit&quot;:&quot;px&quot;,&quot;size&quot;:&quot;&quot;,&quot;sizes&quot;:[]},&quot;row_gap_tablet&quot;:{&quot;unit&quot;:&quot;px&quot;,&quot;size&quot;:&quot;&quot;,&quot;sizes&quot;:[]},&quot;row_gap_mobile&quot;:{&quot;unit&quot;:&quot;px&quot;,&quot;size&quot;:&quot;&quot;,&quot;sizes&quot;:[]}}\" data-widget_type=\"loop-grid.post\">\n\t\t\t\t<div class=\"elementor-widget-container\">\n\t\t\t\t\t\t\t<div class=\"elementor-loop-container elementor-grid\" role=\"list\">\n\t\t<style id=\"loop-388\">.elementor-388 .elementor-element.elementor-element-eac982c{--display:flex;--flex-direction:row;--container-widget-width:initial;--container-widget-height:100%;--container-widget-flex-grow:1;--container-widget-align-self:stretch;--flex-wrap-mobile:wrap;--gap:0px 20px;--row-gap:0px;--column-gap:20px;}.elementor-388 .elementor-element.elementor-element-68ce0ed{--display:flex;--flex-direction:row;--container-widget-width:initial;--container-widget-height:100%;--container-widget-flex-grow:1;--container-widget-align-self:stretch;--flex-wrap-mobile:wrap;}.elementor-widget-image .widget-image-caption{color:var( --e-global-color-text );font-family:var( --e-global-typography-text-font-family ), Sans-serif;font-size:var( --e-global-typography-text-font-size );font-weight:var( --e-global-typography-text-font-weight );letter-spacing:var( --e-global-typography-text-letter-spacing );}.elementor-388 .elementor-element.elementor-element-c383674{text-align:start;width:100%;max-width:100%;}.elementor-388 .elementor-element.elementor-element-c383674.elementor-element{--align-self:flex-start;--order:-99999 \/* order start hack *\/;}.elementor-388 .elementor-element.elementor-element-48bbf8a{--display:flex;--flex-direction:column;--container-widget-width:100%;--container-widget-height:initial;--container-widget-flex-grow:0;--container-widget-align-self:initial;--flex-wrap-mobile:wrap;--justify-content:flex-start;}.elementor-widget-theme-post-title .elementor-heading-title{font-family:var( --e-global-typography-primary-font-family ), Sans-serif;font-size:var( --e-global-typography-primary-font-size );font-weight:var( --e-global-typography-primary-font-weight );letter-spacing:var( --e-global-typography-primary-letter-spacing );color:var( --e-global-color-primary );}.elementor-388 .elementor-element.elementor-element-3ce2c71 .elementor-heading-title{font-family:\"Bebas Neue\", Sans-serif;font-size:27px;font-weight:400;letter-spacing:3px;color:var( --e-global-color-text );}.elementor-388 .elementor-element.elementor-element-3ce2c71 > .elementor-widget-container{margin:10px 0px 0px 0px;}.elementor-388 .elementor-element.elementor-element-3ce2c71{width:100%;max-width:100%;}.elementor-388 .elementor-element.elementor-element-3ce2c71.elementor-element{--order:-99999 \/* order start hack *\/;}.elementor-widget-theme-post-content{color:var( --e-global-color-text );font-family:var( --e-global-typography-text-font-family ), Sans-serif;font-size:var( --e-global-typography-text-font-size );font-weight:var( --e-global-typography-text-font-weight );letter-spacing:var( --e-global-typography-text-letter-spacing );}.elementor-388 .elementor-element.elementor-element-5bc03ce{--display:flex;--flex-direction:column;--container-widget-width:100%;--container-widget-height:initial;--container-widget-flex-grow:0;--container-widget-align-self:initial;--flex-wrap-mobile:wrap;--gap:0px 20px;--row-gap:0px;--column-gap:20px;}.elementor-388 .elementor-element.elementor-element-a189e17{--spacer-size:20px;}.elementor-widget-divider{--divider-color:var( --e-global-color-secondary );}.elementor-widget-divider .elementor-divider__text{color:var( --e-global-color-secondary );font-family:var( --e-global-typography-secondary-font-family ), Sans-serif;font-size:var( --e-global-typography-secondary-font-size );font-weight:var( --e-global-typography-secondary-font-weight );text-transform:var( --e-global-typography-secondary-text-transform );letter-spacing:var( --e-global-typography-secondary-letter-spacing );}.elementor-widget-divider.elementor-view-stacked .elementor-icon{background-color:var( --e-global-color-secondary );}.elementor-widget-divider.elementor-view-framed .elementor-icon, .elementor-widget-divider.elementor-view-default .elementor-icon{color:var( --e-global-color-secondary );border-color:var( --e-global-color-secondary );}.elementor-widget-divider.elementor-view-framed .elementor-icon, .elementor-widget-divider.elementor-view-default .elementor-icon svg{fill:var( --e-global-color-secondary );}.elementor-388 .elementor-element.elementor-element-258fc54{--divider-border-style:solid;--divider-color:#000;--divider-border-width:1px;}.elementor-388 .elementor-element.elementor-element-258fc54 .elementor-divider-separator{width:100%;}.elementor-388 .elementor-element.elementor-element-258fc54 .elementor-divider{padding-block-start:15px;padding-block-end:15px;}@media(max-width:1024px){.elementor-widget-image .widget-image-caption{font-size:var( --e-global-typography-text-font-size );letter-spacing:var( --e-global-typography-text-letter-spacing );}.elementor-widget-theme-post-title .elementor-heading-title{font-size:var( --e-global-typography-primary-font-size );letter-spacing:var( --e-global-typography-primary-letter-spacing );}.elementor-widget-theme-post-content{font-size:var( --e-global-typography-text-font-size );letter-spacing:var( --e-global-typography-text-letter-spacing );}.elementor-widget-divider .elementor-divider__text{font-size:var( --e-global-typography-secondary-font-size );letter-spacing:var( --e-global-typography-secondary-letter-spacing );}}@media(max-width:767px){.elementor-388 .elementor-element.elementor-element-eac982c{--margin-top:0px;--margin-bottom:0px;--margin-left:0px;--margin-right:0px;--padding-top:0px;--padding-bottom:0px;--padding-left:10px;--padding-right:10px;}.elementor-widget-image .widget-image-caption{font-size:var( --e-global-typography-text-font-size );letter-spacing:var( --e-global-typography-text-letter-spacing );}.elementor-widget-theme-post-title .elementor-heading-title{font-size:var( --e-global-typography-primary-font-size );letter-spacing:var( --e-global-typography-primary-letter-spacing );}.elementor-widget-theme-post-content{font-size:var( --e-global-typography-text-font-size );letter-spacing:var( --e-global-typography-text-letter-spacing );}.elementor-388 .elementor-element.elementor-element-5bc03ce{--margin-top:0px;--margin-bottom:0px;--margin-left:0px;--margin-right:0px;--padding-top:0px;--padding-bottom:0px;--padding-left:10px;--padding-right:10px;}.elementor-widget-divider .elementor-divider__text{font-size:var( --e-global-typography-secondary-font-size );letter-spacing:var( --e-global-typography-secondary-letter-spacing );}}@media(min-width:768px){.elementor-388 .elementor-element.elementor-element-68ce0ed{--width:20%;}.elementor-388 .elementor-element.elementor-element-48bbf8a{--width:60%;}}<\/style>\t\t<div data-elementor-type=\"loop-item\" data-elementor-id=\"388\" class=\"elementor elementor-388 e-loop-item e-loop-item-1477 post-1477 post type-post status-publish format-standard has-post-thumbnail hentry category-publication\" data-elementor-post-type=\"elementor_library\" data-custom-edit-handle=\"1\">\n\t\t\t<div class=\"elementor-element elementor-element-eac982c e-con-full e-flex e-con e-parent\" data-id=\"eac982c\" data-element_type=\"container\" data-e-type=\"container\">\n\t\t<div class=\"elementor-element elementor-element-68ce0ed e-con-full e-flex e-con e-child\" data-id=\"68ce0ed\" data-element_type=\"container\" data-e-type=\"container\">\n\t\t\t\t<div class=\"elementor-element elementor-element-c383674 elementor-widget__width-inherit elementor-widget elementor-widget-image\" data-id=\"c383674\" data-element_type=\"widget\" data-e-type=\"widget\" data-widget_type=\"image.default\">\n\t\t\t\t<div class=\"elementor-widget-container\">\n\t\t\t\t\t\t\t\t\t\t\t\t\t\t\t<img fetchpriority=\"high\" decoding=\"async\" width=\"300\" height=\"381\" src=\"https:\/\/patrimoinesinvisibles.com\/wp-content\/uploads\/2025\/06\/9918_raw.jpg\" class=\"attachment-full size-full wp-image-1478\" alt=\"\" srcset=\"https:\/\/patrimoinesinvisibles.com\/wp-content\/uploads\/2025\/06\/9918_raw.jpg 300w, https:\/\/patrimoinesinvisibles.com\/wp-content\/uploads\/2025\/06\/9918_raw-236x300.jpg 236w\" sizes=\"(max-width: 300px) 100vw, 300px\" \/>\t\t\t\t\t\t\t\t\t\t\t\t\t\t\t<\/div>\n\t\t\t\t<\/div>\n\t\t\t\t<\/div>\n\t\t<div class=\"elementor-element elementor-element-48bbf8a e-con-full e-flex e-con e-child\" data-id=\"48bbf8a\" data-element_type=\"container\" data-e-type=\"container\">\n\t\t\t\t<div class=\"elementor-element elementor-element-3ce2c71 elementor-widget__width-inherit elementor-widget elementor-widget-theme-post-title elementor-page-title elementor-widget-heading\" data-id=\"3ce2c71\" data-element_type=\"widget\" data-e-type=\"widget\" data-widget_type=\"theme-post-title.default\">\n\t\t\t\t<div class=\"elementor-widget-container\">\n\t\t\t\t\t<h1 class=\"elementor-heading-title elementor-size-default\">Enqu\u00eater en carnaval &#8211;\u00a0M\u00e9thodologies cr\u00e9atives autour d&#8217;un plaisir partag\u00e9.<\/h1>\t\t\t\t<\/div>\n\t\t\t\t<\/div>\n\t\t\t\t<div class=\"elementor-element elementor-element-1a12e41 elementor-widget elementor-widget-theme-post-content\" data-id=\"1a12e41\" data-element_type=\"widget\" data-e-type=\"widget\" data-widget_type=\"theme-post-content.default\">\n\t\t\t\t<div class=\"elementor-widget-container\">\n\t\t\t\t\t\n<p>N. Gauthard, M. Salzbrunn, B. Mauffret (dir.), Presses universitaires de Rennes, Coll. Le spectaculaire, mars 2025 <\/p>\n\n\n\n<p><a href=\"https:\/\/pur-editions.fr\/product\/9918\/enqueter-en-carnaval\">https:\/\/pur-editions.fr\/product\/9918\/enqueter-en-carnaval<\/a><br><br><\/p>\n\t\t\t\t<\/div>\n\t\t\t\t<\/div>\n\t\t\t\t<\/div>\n\t\t\t\t<\/div>\n\t\t<div class=\"elementor-element elementor-element-5bc03ce e-con-full e-flex e-con e-parent\" data-id=\"5bc03ce\" data-element_type=\"container\" data-e-type=\"container\">\n\t\t\t\t<div class=\"elementor-element elementor-element-a189e17 elementor-widget elementor-widget-spacer\" data-id=\"a189e17\" data-element_type=\"widget\" data-e-type=\"widget\" data-widget_type=\"spacer.default\">\n\t\t\t\t<div class=\"elementor-widget-container\">\n\t\t\t\t\t\t\t<div class=\"elementor-spacer\">\n\t\t\t<div class=\"elementor-spacer-inner\"><\/div>\n\t\t<\/div>\n\t\t\t\t\t\t<\/div>\n\t\t\t\t<\/div>\n\t\t\t\t<div class=\"elementor-element elementor-element-258fc54 elementor-widget-divider--view-line elementor-widget elementor-widget-divider\" data-id=\"258fc54\" data-element_type=\"widget\" data-e-type=\"widget\" data-widget_type=\"divider.default\">\n\t\t\t\t<div class=\"elementor-widget-container\">\n\t\t\t\t\t\t\t<div class=\"elementor-divider\">\n\t\t\t<span class=\"elementor-divider-separator\">\n\t\t\t\t\t\t<\/span>\n\t\t<\/div>\n\t\t\t\t\t\t<\/div>\n\t\t\t\t<\/div>\n\t\t\t\t<\/div>\n\t\t\t\t<\/div>\n\t\t\t\t<div data-elementor-type=\"loop-item\" data-elementor-id=\"388\" class=\"elementor elementor-388 e-loop-item e-loop-item-1462 post-1462 post type-post status-publish format-standard has-post-thumbnail hentry category-publication\" data-elementor-post-type=\"elementor_library\" data-custom-edit-handle=\"1\">\n\t\t\t<div class=\"elementor-element elementor-element-eac982c e-con-full e-flex e-con e-parent\" data-id=\"eac982c\" data-element_type=\"container\" data-e-type=\"container\">\n\t\t<div class=\"elementor-element elementor-element-68ce0ed e-con-full e-flex e-con e-child\" data-id=\"68ce0ed\" data-element_type=\"container\" data-e-type=\"container\">\n\t\t\t\t<div class=\"elementor-element elementor-element-c383674 elementor-widget__width-inherit elementor-widget elementor-widget-image\" data-id=\"c383674\" data-element_type=\"widget\" data-e-type=\"widget\" data-widget_type=\"image.default\">\n\t\t\t\t<div class=\"elementor-widget-container\">\n\t\t\t\t\t\t\t\t\t\t\t\t\t\t\t<img decoding=\"async\" width=\"680\" height=\"985\" src=\"https:\/\/patrimoinesinvisibles.com\/wp-content\/uploads\/2025\/06\/Carnavale-toi-_COUVE-680x985-1.jpg\" class=\"attachment-full size-full wp-image-1463\" alt=\"\" srcset=\"https:\/\/patrimoinesinvisibles.com\/wp-content\/uploads\/2025\/06\/Carnavale-toi-_COUVE-680x985-1.jpg 680w, https:\/\/patrimoinesinvisibles.com\/wp-content\/uploads\/2025\/06\/Carnavale-toi-_COUVE-680x985-1-207x300.jpg 207w\" sizes=\"(max-width: 680px) 100vw, 680px\" \/>\t\t\t\t\t\t\t\t\t\t\t\t\t\t\t<\/div>\n\t\t\t\t<\/div>\n\t\t\t\t<\/div>\n\t\t<div class=\"elementor-element elementor-element-48bbf8a e-con-full e-flex e-con e-child\" data-id=\"48bbf8a\" data-element_type=\"container\" data-e-type=\"container\">\n\t\t\t\t<div class=\"elementor-element elementor-element-3ce2c71 elementor-widget__width-inherit elementor-widget elementor-widget-theme-post-title elementor-page-title elementor-widget-heading\" data-id=\"3ce2c71\" data-element_type=\"widget\" data-e-type=\"widget\" data-widget_type=\"theme-post-title.default\">\n\t\t\t\t<div class=\"elementor-widget-container\">\n\t\t\t\t\t<h1 class=\"elementor-heading-title elementor-size-default\">Carnavale-toi ! Petit guide d\u2019\u00e9mancipation f\u00e9ministe carnavalesque<\/h1>\t\t\t\t<\/div>\n\t\t\t\t<\/div>\n\t\t\t\t<div class=\"elementor-element elementor-element-1a12e41 elementor-widget elementor-widget-theme-post-content\" data-id=\"1a12e41\" data-element_type=\"widget\" data-e-type=\"widget\" data-widget_type=\"theme-post-content.default\">\n\t\t\t\t<div class=\"elementor-widget-container\">\n\t\t\t\t\t\n<p>Les Reines P\u00e9dauques (collectif), Editions Cambourakis, coll. Radeau, 5 f\u00e9vrier 2025 <\/p>\n\n\n\n<p>\u00a0<a href=\"https:\/\/www.cambourakis.com\/tout\/tout\/carnavale-toi\/\">https:\/\/www.cambourakis.com\/tout\/tout\/carnavale-toi\/<\/a><\/p>\n\t\t\t\t<\/div>\n\t\t\t\t<\/div>\n\t\t\t\t<\/div>\n\t\t\t\t<\/div>\n\t\t<div class=\"elementor-element elementor-element-5bc03ce e-con-full e-flex e-con e-parent\" data-id=\"5bc03ce\" data-element_type=\"container\" data-e-type=\"container\">\n\t\t\t\t<div class=\"elementor-element elementor-element-a189e17 elementor-widget elementor-widget-spacer\" data-id=\"a189e17\" data-element_type=\"widget\" data-e-type=\"widget\" data-widget_type=\"spacer.default\">\n\t\t\t\t<div class=\"elementor-widget-container\">\n\t\t\t\t\t\t\t<div class=\"elementor-spacer\">\n\t\t\t<div class=\"elementor-spacer-inner\"><\/div>\n\t\t<\/div>\n\t\t\t\t\t\t<\/div>\n\t\t\t\t<\/div>\n\t\t\t\t<div class=\"elementor-element elementor-element-258fc54 elementor-widget-divider--view-line elementor-widget elementor-widget-divider\" data-id=\"258fc54\" data-element_type=\"widget\" data-e-type=\"widget\" data-widget_type=\"divider.default\">\n\t\t\t\t<div class=\"elementor-widget-container\">\n\t\t\t\t\t\t\t<div class=\"elementor-divider\">\n\t\t\t<span class=\"elementor-divider-separator\">\n\t\t\t\t\t\t<\/span>\n\t\t<\/div>\n\t\t\t\t\t\t<\/div>\n\t\t\t\t<\/div>\n\t\t\t\t<\/div>\n\t\t\t\t<\/div>\n\t\t\t\t<div data-elementor-type=\"loop-item\" data-elementor-id=\"388\" class=\"elementor elementor-388 e-loop-item e-loop-item-384 post-384 post type-post status-publish format-standard hentry category-publication\" data-elementor-post-type=\"elementor_library\" data-custom-edit-handle=\"1\">\n\t\t\t<div class=\"elementor-element elementor-element-eac982c e-con-full e-flex e-con e-parent\" data-id=\"eac982c\" data-element_type=\"container\" data-e-type=\"container\">\n\t\t<div class=\"elementor-element elementor-element-68ce0ed e-con-full e-flex e-con e-child\" data-id=\"68ce0ed\" data-element_type=\"container\" data-e-type=\"container\">\n\t\t\t\t<\/div>\n\t\t<div class=\"elementor-element elementor-element-48bbf8a e-con-full e-flex e-con e-child\" data-id=\"48bbf8a\" data-element_type=\"container\" data-e-type=\"container\">\n\t\t\t\t<div class=\"elementor-element elementor-element-3ce2c71 elementor-widget__width-inherit elementor-widget elementor-widget-theme-post-title elementor-page-title elementor-widget-heading\" data-id=\"3ce2c71\" data-element_type=\"widget\" data-e-type=\"widget\" data-widget_type=\"theme-post-title.default\">\n\t\t\t\t<div class=\"elementor-widget-container\">\n\t\t\t\t\t<h1 class=\"elementor-heading-title elementor-size-default\">Revue\u00a0L\u2019ethnographie N\u00b08.\u00a0Cr\u00e9ation\u00b7Pratiques\u00b7Publics<\/h1>\t\t\t\t<\/div>\n\t\t\t\t<\/div>\n\t\t\t\t<div class=\"elementor-element elementor-element-1a12e41 elementor-widget elementor-widget-theme-post-content\" data-id=\"1a12e41\" data-element_type=\"widget\" data-e-type=\"widget\" data-widget_type=\"theme-post-content.default\">\n\t\t\t\t<div class=\"elementor-widget-container\">\n\t\t\t\t\t\n<p><\/p>\n\n\n\n<ul class=\"wp-block-list\">\n<li><strong>Nathalie\u00a0Gauthard\u00a0<\/strong><a href=\"https:\/\/revues.mshparisnord.fr\/ethnographie\/index.php?id=1318\" target=\"_blank\" rel=\"noreferrer noopener\">Dragons, g\u00e9ants et autres merveilles\u00a0\u00a0[texte integral]<\/a><em>\u00a0Dynamiser la m\u00e9moire patrimoniale en arts vivants\u00a0: pistes et r\u00e9flexions<\/em><\/li>\n\n\n\n<li><strong>Sophie-Anne\u00a0Leterrier<\/strong><a href=\"https:\/\/revues.mshparisnord.fr\/ethnographie\/index.php?id=1373\" target=\"_blank\" rel=\"noreferrer noopener\">\u00a0Chanter la Commune : d\u2019un anniversaire \u00e0 l\u2019autre, de l\u2019histoire \u00e0 l\u2019utopie\u00a0[texte integral]<\/a><\/li>\n\n\n\n<li><strong>Nathalie\u00a0Gauthard<\/strong>\u00a0<a href=\"https:\/\/revues.mshparisnord.fr\/ethnographie\/index.php?id=1380\" target=\"_blank\" rel=\"noreferrer noopener\">Donner de la voix aux mythes (extrait) : Satoshi Miyagi ou la dramaturgie des ombres\u00a0[texte integral]<\/a><em>Entretien avec Satoshi Miyagi<\/em><\/li>\n<\/ul>\n\n\n\n<p><\/p>\n\t\t\t\t<\/div>\n\t\t\t\t<\/div>\n\t\t\t\t<\/div>\n\t\t\t\t<\/div>\n\t\t<div class=\"elementor-element elementor-element-5bc03ce e-con-full e-flex e-con e-parent\" data-id=\"5bc03ce\" data-element_type=\"container\" data-e-type=\"container\">\n\t\t\t\t<div class=\"elementor-element elementor-element-a189e17 elementor-widget elementor-widget-spacer\" data-id=\"a189e17\" data-element_type=\"widget\" data-e-type=\"widget\" data-widget_type=\"spacer.default\">\n\t\t\t\t<div class=\"elementor-widget-container\">\n\t\t\t\t\t\t\t<div class=\"elementor-spacer\">\n\t\t\t<div class=\"elementor-spacer-inner\"><\/div>\n\t\t<\/div>\n\t\t\t\t\t\t<\/div>\n\t\t\t\t<\/div>\n\t\t\t\t<div class=\"elementor-element elementor-element-258fc54 elementor-widget-divider--view-line elementor-widget elementor-widget-divider\" data-id=\"258fc54\" data-element_type=\"widget\" data-e-type=\"widget\" data-widget_type=\"divider.default\">\n\t\t\t\t<div class=\"elementor-widget-container\">\n\t\t\t\t\t\t\t<div class=\"elementor-divider\">\n\t\t\t<span class=\"elementor-divider-separator\">\n\t\t\t\t\t\t<\/span>\n\t\t<\/div>\n\t\t\t\t\t\t<\/div>\n\t\t\t\t<\/div>\n\t\t\t\t<\/div>\n\t\t\t\t<\/div>\n\t\t\t\t<\/div>\n\t\t\n\t\t\t\t\t\t<\/div>\n\t\t\t\t<\/div>\n\t\t\t\t\t<\/div>\n\t\t\t\t<\/div>\n\t\t\t\t<\/div>\n\t\t","protected":false},"excerpt":{"rendered":"","protected":false},"author":1,"featured_media":0,"parent":0,"menu_order":0,"comment_status":"closed","ping_status":"closed","template":"","meta":{"_acf_changed":false,"footnotes":""},"class_list":["post-386","page","type-page","status-publish","hentry"],"acf":[],"_links":{"self":[{"href":"https:\/\/patrimoinesinvisibles.com\/index.php\/wp-json\/wp\/v2\/pages\/386","targetHints":{"allow":["GET"]}}],"collection":[{"href":"https:\/\/patrimoinesinvisibles.com\/index.php\/wp-json\/wp\/v2\/pages"}],"about":[{"href":"https:\/\/patrimoinesinvisibles.com\/index.php\/wp-json\/wp\/v2\/types\/page"}],"author":[{"embeddable":true,"href":"https:\/\/patrimoinesinvisibles.com\/index.php\/wp-json\/wp\/v2\/users\/1"}],"replies":[{"embeddable":true,"href":"https:\/\/patrimoinesinvisibles.com\/index.php\/wp-json\/wp\/v2\/comments?post=386"}],"version-history":[{"count":22,"href":"https:\/\/patrimoinesinvisibles.com\/index.php\/wp-json\/wp\/v2\/pages\/386\/revisions"}],"predecessor-version":[{"id":1483,"href":"https:\/\/patrimoinesinvisibles.com\/index.php\/wp-json\/wp\/v2\/pages\/386\/revisions\/1483"}],"wp:attachment":[{"href":"https:\/\/patrimoinesinvisibles.com\/index.php\/wp-json\/wp\/v2\/media?parent=386"}],"curies":[{"name":"wp","href":"https:\/\/api.w.org\/{rel}","templated":true}]}}